{"id":875,"date":"2023-12-05T11:04:00","date_gmt":"2023-12-05T11:04:00","guid":{"rendered":"https:\/\/neopulse.io\/?page_id=875"},"modified":"2024-01-12T07:21:08","modified_gmt":"2024-01-12T07:21:08","slug":"lead-list-creation","status":"publish","type":"page","link":"https:\/\/neopulse.io\/de\/lead-list-creation\/","title":{"rendered":"Lead Listen Erstellung"},"content":{"rendered":"<div data-elementor-type=\"wp-page\" data-elementor-id=\"875\" class=\"elementor elementor-875\">\n\t\t\t\t<div class=\"elementor-element elementor-element-421e822 e-con-full elementor-hidden-tablet elementor-hidden-mobile e-flex e-con e-parent\" data-id=\"421e822\" data-element_type=\"container\" data-settings=\"{&quot;background_background&quot;:&quot;classic&quot;}\">\n\t\t<div class=\"elementor-element elementor-element-d9a87d2 e-con-full e-flex e-con e-child\" data-id=\"d9a87d2\" data-element_type=\"container\" data-settings=\"{&quot;background_background&quot;:&quot;classic&quot;}\">\n\t\t\t\t<div class=\"elementor-element elementor-element-631f898 elementor-widget elementor-widget-heading\" data-id=\"631f898\" data-element_type=\"widget\" data-widget_type=\"heading.default\">\n\t\t\t\t<div class=\"elementor-widget-container\">\n\t\t\t\t\t<h2 class=\"elementor-heading-title elementor-size-default\">Lead Listen Erstellung<\/h2>\t\t\t\t<\/div>\n\t\t\t\t<\/div>\n\t\t\t\t<div class=\"elementor-element elementor-element-c876ec8 elementor-widget elementor-widget-text-editor\" data-id=\"c876ec8\" data-element_type=\"widget\" data-widget_type=\"text-editor.default\">\n\t\t\t\t<div class=\"elementor-widget-container\">\n\t\t\t\t\t\t\t\t\tDie Erstellung von Lead-Listen ist der Grundstein einer effektiven Verkaufsstrategie und dient als erster Schritt zum Aufbau einer starken Kundenbasis. Dieser Prozess beinhaltet die Identifizierung und Zusammenstellung einer Liste potenzieller Interessenten, die wahrscheinlich an Ihren Produkten oder Dienstleistungen interessiert sind.\t\t\t\t\t\t\t\t<\/div>\n\t\t\t\t<\/div>\n\t\t\t\t<div class=\"elementor-element elementor-element-7d80a25 elementor-position-inline-start elementor-view-default elementor-mobile-position-block-start elementor-widget elementor-widget-icon-box\" data-id=\"7d80a25\" data-element_type=\"widget\" data-widget_type=\"icon-box.default\">\n\t\t\t\t<div class=\"elementor-widget-container\">\n\t\t\t\t\t\t\t<div class=\"elementor-icon-box-wrapper\">\n\n\t\t\t\t\t\t<div class=\"elementor-icon-box-icon\">\n\t\t\t\t<span  class=\"elementor-icon\">\n\t\t\t\t<svg xmlns=\"http:\/\/www.w3.org\/2000\/svg\" width=\"40\" height=\"41\" viewbox=\"0 0 40 41\" fill=\"none\"><path d=\"M24.6667 15.5C24.3647 14.9763 23.9261 14.5445 23.3976 14.2509C22.8692 13.9573 22.2708 13.813 21.6667 13.8333H18.3333C17.4493 13.8333 16.6014 14.1845 15.9763 14.8096C15.3512 15.4348 15 16.2826 15 17.1667C15 18.0507 15.3512 18.8986 15.9763 19.5237C16.6014 20.1488 17.4493 20.5 18.3333 20.5H21.6667C22.5507 20.5 23.3986 20.8512 24.0237 21.4763C24.6488 22.1014 25 22.9493 25 23.8333C25 24.7174 24.6488 25.5652 24.0237 26.1904C23.3986 26.8155 22.5507 27.1667 21.6667 27.1667H18.3333C17.7292 27.187 17.1308 27.0427 16.6024 26.7491C16.0739 26.4555 15.6353 26.0237 15.3333 25.5M20 12.1667V28.8333M5 20.5C5 22.4698 5.38799 24.4204 6.14181 26.2403C6.89563 28.0601 8.00052 29.7137 9.3934 31.1066C10.7863 32.4995 12.4399 33.6044 14.2597 34.3582C16.0796 35.112 18.0302 35.5 20 35.5C21.9698 35.5 23.9204 35.112 25.7403 34.3582C27.5601 33.6044 29.2137 32.4995 30.6066 31.1066C31.9995 29.7137 33.1044 28.0601 33.8582 26.2403C34.612 24.4204 35 22.4698 35 20.5C35 18.5302 34.612 16.5796 33.8582 14.7597C33.1044 12.9399 31.9995 11.2863 30.6066 9.8934C29.2137 8.50052 27.5601 7.39563 25.7403 6.64181C23.9204 5.88799 21.9698 5.5 20 5.5C18.0302 5.5 16.0796 5.88799 14.2597 6.64181C12.4399 7.39563 10.7863 8.50052 9.3934 9.8934C8.00052 11.2863 6.89563 12.9399 6.14181 14.7597C5.38799 16.5796 5 18.5302 5 20.5Z\" stroke=\"white\" stroke-width=\"2\" stroke-linecap=\"round\" stroke-linejoin=\"round\"><\/path><\/svg>\t\t\t\t<\/span>\n\t\t\t<\/div>\n\t\t\t\n\t\t\t\t\t\t<div class=\"elementor-icon-box-content\">\n\n\t\t\t\t\t\t\t\t\t<h3 class=\"elementor-icon-box-title\">\n\t\t\t\t\t\t<span  >\n\t\t\t\t\t\t\tCRM Integration\t\t\t\t\t\t<\/span>\n\t\t\t\t\t<\/h3>\n\t\t\t\t\n\t\t\t\t\t\t\t\t\t<p class=\"elementor-icon-box-description\">\n\t\t\t\t\t\tCRM-Integration: M\u00fchelose Synchronisation mit CRM-Systemen wie HubSpot, Salesforce und anderen, um eine reibungslose \u00dcbertragung von Lead-Daten f\u00fcr sofortige Verkaufsaktionen zu gew\u00e4hrleisten\t\t\t\t\t<\/p>\n\t\t\t\t\n\t\t\t<\/div>\n\t\t\t\n\t\t<\/div>\n\t\t\t\t\t\t<\/div>\n\t\t\t\t<\/div>\n\t\t\t\t<div class=\"elementor-element elementor-element-9cd869a elementor-position-inline-start elementor-view-default elementor-mobile-position-block-start elementor-widget elementor-widget-icon-box\" data-id=\"9cd869a\" data-element_type=\"widget\" data-widget_type=\"icon-box.default\">\n\t\t\t\t<div class=\"elementor-widget-container\">\n\t\t\t\t\t\t\t<div class=\"elementor-icon-box-wrapper\">\n\n\t\t\t\t\t\t<div class=\"elementor-icon-box-icon\">\n\t\t\t\t<span  class=\"elementor-icon\">\n\t\t\t\t<svg xmlns=\"http:\/\/www.w3.org\/2000\/svg\" width=\"29\" height=\"35\" viewbox=\"0 0 29 35\" fill=\"none\"><path d=\"M19.3333 1.5V8.16667C19.3333 8.60869 19.5089 9.03262 19.8215 9.34518C20.134 9.65774 20.558 9.83333 21 9.83333H27.6667M19.3333 1.5H7.66667C6.78261 1.5 5.93477 1.85119 5.30964 2.47631C4.68452 3.10143 4.33333 3.94928 4.33333 4.83333V9.83333M19.3333 1.5L27.6667 9.83333M27.6667 9.83333V28.1667C27.6667 29.0507 27.3155 29.8986 26.6904 30.5237C26.0652 31.1488 25.2174 31.5 24.3333 31.5H16M3.5 24.8333L1 33.1667L6 30.6667L11 33.1667L8.5 24.8333M1 19.8333C1 21.1594 1.52678 22.4312 2.46447 23.3689C3.40215 24.3066 4.67392 24.8333 6 24.8333C7.32608 24.8333 8.59785 24.3066 9.53553 23.3689C10.4732 22.4312 11 21.1594 11 19.8333C11 18.5073 10.4732 17.2355 9.53553 16.2978C8.59785 15.3601 7.32608 14.8333 6 14.8333C4.67392 14.8333 3.40215 15.3601 2.46447 16.2978C1.52678 17.2355 1 18.5073 1 19.8333Z\" stroke=\"white\" stroke-width=\"2\" stroke-linecap=\"round\" stroke-linejoin=\"round\"><\/path><\/svg>\t\t\t\t<\/span>\n\t\t\t<\/div>\n\t\t\t\n\t\t\t\t\t\t<div class=\"elementor-icon-box-content\">\n\n\t\t\t\t\t\t\t\t\t<h3 class=\"elementor-icon-box-title\">\n\t\t\t\t\t\t<span  >\n\t\t\t\t\t\t\tDSGVO Konformit\u00e4t\t\t\t\t\t\t<\/span>\n\t\t\t\t\t<\/h3>\n\t\t\t\t\n\t\t\t\t\t\t\t\t\t<p class=\"elementor-icon-box-description\">\n\t\t\t\t\t\tStrikte Einhaltung internationaler Standards wie der DSGVO, um sicherzustellen, dass unsere Lead-Generierungspraktiken sowohl ethisch als auch rechtlich konform sind.\t\t\t\t\t<\/p>\n\t\t\t\t\n\t\t\t<\/div>\n\t\t\t\n\t\t<\/div>\n\t\t\t\t\t\t<\/div>\n\t\t\t\t<\/div>\n\t\t\t\t<div class=\"elementor-element elementor-element-20a24ea elementor-position-inline-start elementor-view-default elementor-mobile-position-block-start elementor-widget elementor-widget-icon-box\" data-id=\"20a24ea\" data-element_type=\"widget\" data-widget_type=\"icon-box.default\">\n\t\t\t\t<div class=\"elementor-widget-container\">\n\t\t\t\t\t\t\t<div class=\"elementor-icon-box-wrapper\">\n\n\t\t\t\t\t\t<div class=\"elementor-icon-box-icon\">\n\t\t\t\t<span  class=\"elementor-icon\">\n\t\t\t\t<svg xmlns=\"http:\/\/www.w3.org\/2000\/svg\" width=\"32\" height=\"33\" viewbox=\"0 0 32 33\" fill=\"none\"><path d=\"M6 11.5C6 14.1522 7.05357 16.6957 8.92893 18.5711C10.8043 20.4464 13.3478 21.5 16 21.5M6 11.5C6 8.84783 7.05357 6.3043 8.92893 4.42893C10.8043 2.55357 13.3478 1.5 16 1.5M6 11.5H26M16 21.5C18.6522 21.5 21.1957 20.4464 23.0711 18.5711C24.9464 16.6957 26 14.1522 26 11.5M16 21.5C18.2217 20.945 19.3333 17.6117 19.3333 11.5C19.3333 5.38833 18.2217 2.055 16 1.5M16 21.5C13.7783 20.945 12.6667 17.6117 12.6667 11.5C12.6667 5.38833 13.7783 2.055 16 1.5M16 21.5V24.8333M26 11.5C26 8.84783 24.9464 6.3043 23.0711 4.42893C21.1957 2.55357 18.6522 1.5 16 1.5M1 28.1667H12.6667M12.6667 28.1667C12.6667 29.0507 13.0179 29.8986 13.643 30.5237C14.2681 31.1488 15.1159 31.5 16 31.5C16.8841 31.5 17.7319 31.1488 18.357 30.5237C18.9821 29.8986 19.3333 29.0507 19.3333 28.1667M12.6667 28.1667C12.6667 27.2826 13.0179 26.4348 13.643 25.8096C14.2681 25.1845 15.1159 24.8333 16 24.8333M19.3333 28.1667H31M19.3333 28.1667C19.3333 27.2826 18.9821 26.4348 18.357 25.8096C17.7319 25.1845 16.8841 24.8333 16 24.8333\" stroke=\"white\" stroke-width=\"2\" stroke-linecap=\"round\" stroke-linejoin=\"round\"><\/path><\/svg>\t\t\t\t<\/span>\n\t\t\t<\/div>\n\t\t\t\n\t\t\t\t\t\t<div class=\"elementor-icon-box-content\">\n\n\t\t\t\t\t\t\t\t\t<h3 class=\"elementor-icon-box-title\">\n\t\t\t\t\t\t<span  >\n\t\t\t\t\t\t\tAutomatisierte Lead-Bewertung\t\t\t\t\t\t<\/span>\n\t\t\t\t\t<\/h3>\n\t\t\t\t\n\t\t\t\t\t\t\t\t\t<p class=\"elementor-icon-box-description\">\n\t\t\t\t\t\tAnwendung fortschrittlicher KI-Algorithmen zur Bewertung und Punktevergabe von Leads, um diejenigen zu identifizieren, die die h\u00f6chste Wahrscheinlichkeit haben, sich zu engagieren und zu konvertieren.\t\t\t\t\t<\/p>\n\t\t\t\t\n\t\t\t<\/div>\n\t\t\t\n\t\t<\/div>\n\t\t\t\t\t\t<\/div>\n\t\t\t\t<\/div>\n\t\t\t\t<div class=\"elementor-element elementor-element-ddbce72 elementor-position-inline-start elementor-view-default elementor-mobile-position-block-start elementor-widget elementor-widget-icon-box\" data-id=\"ddbce72\" data-element_type=\"widget\" data-widget_type=\"icon-box.default\">\n\t\t\t\t<div class=\"elementor-widget-container\">\n\t\t\t\t\t\t\t<div class=\"elementor-icon-box-wrapper\">\n\n\t\t\t\t\t\t<div class=\"elementor-icon-box-icon\">\n\t\t\t\t<span  class=\"elementor-icon\">\n\t\t\t\t<svg xmlns=\"http:\/\/www.w3.org\/2000\/svg\" width=\"21\" height=\"20\" viewbox=\"0 0 21 20\" fill=\"none\"><path d=\"M9.5 15.3645H2C1.73478 15.3645 1.48043 15.2591 1.29289 15.0716C1.10536 14.8841 1 14.6297 1 14.3645V2.3645C1 2.09929 1.10536 1.84493 1.29289 1.6574C1.48043 1.46986 1.73478 1.3645 2 1.3645H18C18.2652 1.3645 18.5196 1.46986 18.7071 1.6574C18.8946 1.84493 19 2.09929 19 2.3645V11.3645H1M6 19.3645H9.5M8 15.3645L7.5 19.3645M18 19.3645L20 17.3645L18 15.3645M15 15.3645L13 17.3645L15 19.3645\" stroke=\"white\" stroke-linecap=\"round\" stroke-linejoin=\"round\"><\/path><\/svg>\t\t\t\t<\/span>\n\t\t\t<\/div>\n\t\t\t\n\t\t\t\t\t\t<div class=\"elementor-icon-box-content\">\n\n\t\t\t\t\t\t\t\t\t<h3 class=\"elementor-icon-box-title\">\n\t\t\t\t\t\t<span  >\n\t\t\t\t\t\t\tZustellbarkeitspr\u00fcfung\t\t\t\t\t\t<\/span>\n\t\t\t\t\t<\/h3>\n\t\t\t\t\n\t\t\t\t\t\t\t\t\t<p class=\"elementor-icon-box-description\">\n\t\t\t\t\t\tMit modernsten Werkzeugen \u00fcberpr\u00fcfen wir die Genauigkeit der Kontaktinformationen, um eine hohe Zustellbarkeit f\u00fcr die Kampagnen sicherzustellen und Streuverluste zu minimieren.\t\t\t\t\t<\/p>\n\t\t\t\t\n\t\t\t<\/div>\n\t\t\t\n\t\t<\/div>\n\t\t\t\t\t\t<\/div>\n\t\t\t\t<\/div>\n\t\t\t\t<div class=\"elementor-element elementor-element-be238f6 elementor-align-left elementor-widget elementor-widget-elementskit-button\" data-id=\"be238f6\" data-element_type=\"widget\" data-widget_type=\"elementskit-button.default\">\n\t\t\t\t<div class=\"elementor-widget-container\">\n\t\t\t\t\t<div class=\"ekit-wid-con\" >\t\t<div class=\"ekit-btn-wraper\">\n\t\t\t\t\t\t\t<a href=\"https:\/\/neopulse.io\/de\/#contact-us\" class=\"elementskit-btn  whitespace--normal\" id=\"\">\n\t\t\t\t\tKontaktiere Uns<svg class=\"e-font-icon-svg e-far-arrow-alt-circle-right\" viewbox=\"0 0 512 512\" xmlns=\"http:\/\/www.w3.org\/2000\/svg\"><path d=\"M504 256C504 119 393 8 256 8S8 119 8 256s111 248 248 248 248-111 248-248zm-448 0c0-110.5 89.5-200 200-200s200 89.5 200 200-89.5 200-200 200S56 366.5 56 256zm72 20v-40c0-6.6 5.4-12 12-12h116v-67c0-10.7 12.9-16 20.5-8.5l99 99c4.7 4.7 4.7 12.3 0 17l-99 99c-7.6 7.6-20.5 2.2-20.5-8.5v-67H140c-6.6 0-12-5.4-12-12z\"><\/path><\/svg>\t\t\t\t<\/a>\n\t\t\t\t\t<\/div>\n        <\/div>\t\t\t\t<\/div>\n\t\t\t\t<\/div>\n\t\t\t\t<\/div>\n\t\t<div class=\"elementor-element elementor-element-cb0ff4a e-con-full e-flex e-con e-child\" data-id=\"cb0ff4a\" data-element_type=\"container\" data-settings=\"{&quot;background_background&quot;:&quot;classic&quot;}\">\n\t\t<div class=\"elementor-element elementor-element-f2ea812 e-flex e-con-boxed e-con e-child\" data-id=\"f2ea812\" data-element_type=\"container\" data-settings=\"{&quot;background_background&quot;:&quot;classic&quot;}\">\n\t\t\t\t\t<div class=\"e-con-inner\">\n\t\t\t\t<div class=\"elementor-element elementor-element-37a947e elementor-widget elementor-widget-image\" data-id=\"37a947e\" data-element_type=\"widget\" data-widget_type=\"image.default\">\n\t\t\t\t<div class=\"elementor-widget-container\">\n\t\t\t\t\t\t\t\t\t\t\t\t\t\t\t<img fetchpriority=\"high\" decoding=\"async\" width=\"512\" height=\"505\" src=\"https:\/\/neopulse.io\/wp-content\/uploads\/2023\/12\/img-1-1.png\" class=\"attachment-full size-full wp-image-1805\" alt=\"\" srcset=\"https:\/\/neopulse.io\/wp-content\/uploads\/2023\/12\/img-1-1.png 512w, https:\/\/neopulse.io\/wp-content\/uploads\/2023\/12\/img-1-1-300x296.png 300w\" sizes=\"(max-width: 512px) 100vw, 512px\" \/>\t\t\t\t\t\t\t\t\t\t\t\t\t\t\t<\/div>\n\t\t\t\t<\/div>\n\t\t\t\t\t<\/div>\n\t\t\t\t<\/div>\n\t\t\t\t<\/div>\n\t\t\t\t<\/div>\n\t\t<div class=\"elementor-element elementor-element-2fea6d3 e-con-full elementor-hidden-desktop e-flex e-con e-parent\" data-id=\"2fea6d3\" data-element_type=\"container\" data-settings=\"{&quot;background_background&quot;:&quot;classic&quot;}\">\n\t\t<div class=\"elementor-element elementor-element-6e9880b e-con-full e-flex e-con e-child\" data-id=\"6e9880b\" data-element_type=\"container\" data-settings=\"{&quot;background_background&quot;:&quot;classic&quot;}\">\n\t\t\t\t<div class=\"elementor-element elementor-element-27d12cc elementor-widget elementor-widget-heading\" data-id=\"27d12cc\" data-element_type=\"widget\" data-widget_type=\"heading.default\">\n\t\t\t\t<div class=\"elementor-widget-container\">\n\t\t\t\t\t<h2 class=\"elementor-heading-title elementor-size-default\">Lead Listen Erstellung<\/h2>\t\t\t\t<\/div>\n\t\t\t\t<\/div>\n\t\t\t\t<div class=\"elementor-element elementor-element-671f26b elementor-widget elementor-widget-text-editor\" data-id=\"671f26b\" data-element_type=\"widget\" data-widget_type=\"text-editor.default\">\n\t\t\t\t<div class=\"elementor-widget-container\">\n\t\t\t\t\t\t\t\t\tDie Erstellung von Lead-Listen ist der Grundstein einer effektiven Verkaufsstrategie und dient als erster Schritt zum Aufbau einer starken Kundenbasis. Dieser Prozess beinhaltet die Identifizierung und Zusammenstellung einer Liste potenzieller Interessenten, die wahrscheinlich an Ihren Produkten oder Dienstleistungen interessiert sind.\t\t\t\t\t\t\t\t<\/div>\n\t\t\t\t<\/div>\n\t\t\t\t<div class=\"elementor-element elementor-element-ff87391 elementor-widget elementor-widget-image\" data-id=\"ff87391\" data-element_type=\"widget\" data-widget_type=\"image.default\">\n\t\t\t\t<div class=\"elementor-widget-container\">\n\t\t\t\t\t\t\t\t\t\t\t\t\t\t\t<img decoding=\"async\" width=\"1000\" height=\"1000\" src=\"https:\/\/neopulse.io\/wp-content\/uploads\/2023\/12\/img-13.png\" class=\"attachment-full size-full wp-image-1093\" alt=\"\" srcset=\"https:\/\/neopulse.io\/wp-content\/uploads\/2023\/12\/img-13.png 1000w, https:\/\/neopulse.io\/wp-content\/uploads\/2023\/12\/img-13-300x300.png 300w, https:\/\/neopulse.io\/wp-content\/uploads\/2023\/12\/img-13-150x150.png 150w, https:\/\/neopulse.io\/wp-content\/uploads\/2023\/12\/img-13-768x768.png 768w\" sizes=\"(max-width: 1000px) 100vw, 1000px\" \/>\t\t\t\t\t\t\t\t\t\t\t\t\t\t\t<\/div>\n\t\t\t\t<\/div>\n\t\t\t\t<div class=\"elementor-element elementor-element-7b11480 elementor-view-framed elementor-position-inline-start elementor-mobile-position-inline-start elementor-shape-circle elementor-widget elementor-widget-icon-box\" data-id=\"7b11480\" data-element_type=\"widget\" data-widget_type=\"icon-box.default\">\n\t\t\t\t<div class=\"elementor-widget-container\">\n\t\t\t\t\t\t\t<div class=\"elementor-icon-box-wrapper\">\n\n\t\t\t\t\t\t<div class=\"elementor-icon-box-icon\">\n\t\t\t\t<span  class=\"elementor-icon\">\n\t\t\t\t<i aria-hidden=\"true\" class=\"icon icon-dollar\"><\/i>\t\t\t\t<\/span>\n\t\t\t<\/div>\n\t\t\t\n\t\t\t\t\t\t<div class=\"elementor-icon-box-content\">\n\n\t\t\t\t\t\t\t\t\t<h3 class=\"elementor-icon-box-title\">\n\t\t\t\t\t\t<span  >\n\t\t\t\t\t\t\tCRM Integration\t\t\t\t\t\t<\/span>\n\t\t\t\t\t<\/h3>\n\t\t\t\t\n\t\t\t\t\t\t\t\t\t<p class=\"elementor-icon-box-description\">\n\t\t\t\t\t\tCRM-Integration: M\u00fchelose Synchronisation mit CRM-Systemen wie HubSpot, Salesforce und anderen, um eine reibungslose \u00dcbertragung von Lead-Daten f\u00fcr sofortige Verkaufsaktionen zu gew\u00e4hrleisten\t\t\t\t\t<\/p>\n\t\t\t\t\n\t\t\t<\/div>\n\t\t\t\n\t\t<\/div>\n\t\t\t\t\t\t<\/div>\n\t\t\t\t<\/div>\n\t\t\t\t<div class=\"elementor-element elementor-element-9a5a250 elementor-position-inline-start elementor-mobile-position-inline-start elementor-view-default elementor-widget elementor-widget-icon-box\" data-id=\"9a5a250\" data-element_type=\"widget\" data-widget_type=\"icon-box.default\">\n\t\t\t\t<div class=\"elementor-widget-container\">\n\t\t\t\t\t\t\t<div class=\"elementor-icon-box-wrapper\">\n\n\t\t\t\t\t\t<div class=\"elementor-icon-box-icon\">\n\t\t\t\t<span  class=\"elementor-icon\">\n\t\t\t\t<i aria-hidden=\"true\" class=\"icon icon-file-2\"><\/i>\t\t\t\t<\/span>\n\t\t\t<\/div>\n\t\t\t\n\t\t\t\t\t\t<div class=\"elementor-icon-box-content\">\n\n\t\t\t\t\t\t\t\t\t<h3 class=\"elementor-icon-box-title\">\n\t\t\t\t\t\t<span  >\n\t\t\t\t\t\t\tDSGVO Konformit\u00e4t\t\t\t\t\t\t<\/span>\n\t\t\t\t\t<\/h3>\n\t\t\t\t\n\t\t\t\t\t\t\t\t\t<p class=\"elementor-icon-box-description\">\n\t\t\t\t\t\tStrikte Einhaltung internationaler Standards wie der DSGVO, um sicherzustellen, dass unsere Lead-Generierungspraktiken sowohl ethisch als auch rechtlich konform sind.\t\t\t\t\t<\/p>\n\t\t\t\t\n\t\t\t<\/div>\n\t\t\t\n\t\t<\/div>\n\t\t\t\t\t\t<\/div>\n\t\t\t\t<\/div>\n\t\t\t\t<div class=\"elementor-element elementor-element-971972e elementor-position-inline-start elementor-mobile-position-inline-start elementor-view-default elementor-widget elementor-widget-icon-box\" data-id=\"971972e\" data-element_type=\"widget\" data-widget_type=\"icon-box.default\">\n\t\t\t\t<div class=\"elementor-widget-container\">\n\t\t\t\t\t\t\t<div class=\"elementor-icon-box-wrapper\">\n\n\t\t\t\t\t\t<div class=\"elementor-icon-box-icon\">\n\t\t\t\t<span  class=\"elementor-icon\">\n\t\t\t\t<svg aria-hidden=\"true\" class=\"e-font-icon-svg e-fas-globe\" viewbox=\"0 0 496 512\" xmlns=\"http:\/\/www.w3.org\/2000\/svg\"><path d=\"M336.5 160C322 70.7 287.8 8 248 8s-74 62.7-88.5 152h177zM152 256c0 22.2 1.2 43.5 3.3 64h185.3c2.1-20.5 3.3-41.8 3.3-64s-1.2-43.5-3.3-64H155.3c-2.1 20.5-3.3 41.8-3.3 64zm324.7-96c-28.6-67.9-86.5-120.4-158-141.6 24.4 33.8 41.2 84.7 50 141.6h108zM177.2 18.4C105.8 39.6 47.8 92.1 19.3 160h108c8.7-56.9 25.5-107.8 49.9-141.6zM487.4 192H372.7c2.1 21 3.3 42.5 3.3 64s-1.2 43-3.3 64h114.6c5.5-20.5 8.6-41.8 8.6-64s-3.1-43.5-8.5-64zM120 256c0-21.5 1.2-43 3.3-64H8.6C3.2 212.5 0 233.8 0 256s3.2 43.5 8.6 64h114.6c-2-21-3.2-42.5-3.2-64zm39.5 96c14.5 89.3 48.7 152 88.5 152s74-62.7 88.5-152h-177zm159.3 141.6c71.4-21.2 129.4-73.7 158-141.6h-108c-8.8 56.9-25.6 107.8-50 141.6zM19.3 352c28.6 67.9 86.5 120.4 158 141.6-24.4-33.8-41.2-84.7-50-141.6h-108z\"><\/path><\/svg>\t\t\t\t<\/span>\n\t\t\t<\/div>\n\t\t\t\n\t\t\t\t\t\t<div class=\"elementor-icon-box-content\">\n\n\t\t\t\t\t\t\t\t\t<h3 class=\"elementor-icon-box-title\">\n\t\t\t\t\t\t<span  >\n\t\t\t\t\t\t\tAutomatisierte Lead-Bewertung\t\t\t\t\t\t<\/span>\n\t\t\t\t\t<\/h3>\n\t\t\t\t\n\t\t\t\t\t\t\t\t\t<p class=\"elementor-icon-box-description\">\n\t\t\t\t\t\tAnwendung fortschrittlicher KI-Algorithmen zur Bewertung und Punktevergabe von Leads, um diejenigen zu identifizieren, die die h\u00f6chste Wahrscheinlichkeit haben, sich zu engagieren und zu konvertieren.\t\t\t\t\t<\/p>\n\t\t\t\t\n\t\t\t<\/div>\n\t\t\t\n\t\t<\/div>\n\t\t\t\t\t\t<\/div>\n\t\t\t\t<\/div>\n\t\t\t\t<div class=\"elementor-element elementor-element-78bf0ce elementor-position-inline-start elementor-mobile-position-inline-start elementor-view-default elementor-widget elementor-widget-icon-box\" data-id=\"78bf0ce\" data-element_type=\"widget\" data-widget_type=\"icon-box.default\">\n\t\t\t\t<div class=\"elementor-widget-container\">\n\t\t\t\t\t\t\t<div class=\"elementor-icon-box-wrapper\">\n\n\t\t\t\t\t\t<div class=\"elementor-icon-box-icon\">\n\t\t\t\t<span  class=\"elementor-icon\">\n\t\t\t\t<i aria-hidden=\"true\" class=\"icon icon-screen\"><\/i>\t\t\t\t<\/span>\n\t\t\t<\/div>\n\t\t\t\n\t\t\t\t\t\t<div class=\"elementor-icon-box-content\">\n\n\t\t\t\t\t\t\t\t\t<h3 class=\"elementor-icon-box-title\">\n\t\t\t\t\t\t<span  >\n\t\t\t\t\t\t\tZustellbarkeitspr\u00fcfung\t\t\t\t\t\t<\/span>\n\t\t\t\t\t<\/h3>\n\t\t\t\t\n\t\t\t\t\t\t\t\t\t<p class=\"elementor-icon-box-description\">\n\t\t\t\t\t\tMit modernsten Werkzeugen \u00fcberpr\u00fcfen wir die Genauigkeit der Kontaktinformationen, um eine hohe Zustellbarkeit f\u00fcr die Kampagnen sicherzustellen und Streuverluste zu minimieren.\t\t\t\t\t<\/p>\n\t\t\t\t\n\t\t\t<\/div>\n\t\t\t\n\t\t<\/div>\n\t\t\t\t\t\t<\/div>\n\t\t\t\t<\/div>\n\t\t\t\t<div class=\"elementor-element elementor-element-fe39682 elementor-align-left elementor-align--mobilecenter elementor-widget elementor-widget-elementskit-button\" data-id=\"fe39682\" data-element_type=\"widget\" data-widget_type=\"elementskit-button.default\">\n\t\t\t\t<div class=\"elementor-widget-container\">\n\t\t\t\t\t<div class=\"ekit-wid-con\" >\t\t<div class=\"ekit-btn-wraper\">\n\t\t\t\t\t\t\t<a href=\"https:\/\/neopulse.io\/de\/#contact-us\" class=\"elementskit-btn  whitespace--normal\" id=\"\">\n\t\t\t\t\tKontaktiere Uns<svg class=\"e-font-icon-svg e-far-arrow-alt-circle-right\" viewbox=\"0 0 512 512\" xmlns=\"http:\/\/www.w3.org\/2000\/svg\"><path d=\"M504 256C504 119 393 8 256 8S8 119 8 256s111 248 248 248 248-111 248-248zm-448 0c0-110.5 89.5-200 200-200s200 89.5 200 200-89.5 200-200 200S56 366.5 56 256zm72 20v-40c0-6.6 5.4-12 12-12h116v-67c0-10.7 12.9-16 20.5-8.5l99 99c4.7 4.7 4.7 12.3 0 17l-99 99c-7.6 7.6-20.5 2.2-20.5-8.5v-67H140c-6.6 0-12-5.4-12-12z\"><\/path><\/svg>\t\t\t\t<\/a>\n\t\t\t\t\t<\/div>\n        <\/div>\t\t\t\t<\/div>\n\t\t\t\t<\/div>\n\t\t\t\t<\/div>\n\t\t<div class=\"elementor-element elementor-element-668edbc e-con-full e-flex e-con e-child\" data-id=\"668edbc\" data-element_type=\"container\" data-settings=\"{&quot;background_background&quot;:&quot;classic&quot;}\">\n\t\t<div class=\"elementor-element elementor-element-14e5111 e-flex e-con-boxed e-con e-child\" data-id=\"14e5111\" data-element_type=\"container\" data-settings=\"{&quot;background_background&quot;:&quot;classic&quot;}\">\n\t\t\t\t\t<div class=\"e-con-inner\">\n\t\t\t\t\t<\/div>\n\t\t\t\t<\/div>\n\t\t\t\t<\/div>\n\t\t\t\t<\/div>\n\t\t\t\t<\/div>","protected":false},"excerpt":{"rendered":"<p>Lead List Creation Lead List Creation is the cornerstone of effective sales strategy, serving as the first step towards building a strong customer base. This process involves identifying and compiling a list of potential prospects who are likely to be interested in your products or services. CRM Integration CRM Integration: Effortless synchronization with CRM systems [&hellip;]<\/p>","protected":false},"author":1,"featured_media":0,"parent":0,"menu_order":0,"comment_status":"closed","ping_status":"closed","template":"","meta":{"footnotes":""},"class_list":["post-875","page","type-page","status-publish","hentry"],"_links":{"self":[{"href":"https:\/\/neopulse.io\/de\/wp-json\/wp\/v2\/pages\/875","targetHints":{"allow":["GET"]}}],"collection":[{"href":"https:\/\/neopulse.io\/de\/wp-json\/wp\/v2\/pages"}],"about":[{"href":"https:\/\/neopulse.io\/de\/wp-json\/wp\/v2\/types\/page"}],"author":[{"embeddable":true,"href":"https:\/\/neopulse.io\/de\/wp-json\/wp\/v2\/users\/1"}],"replies":[{"embeddable":true,"href":"https:\/\/neopulse.io\/de\/wp-json\/wp\/v2\/comments?post=875"}],"version-history":[{"count":5,"href":"https:\/\/neopulse.io\/de\/wp-json\/wp\/v2\/pages\/875\/revisions"}],"predecessor-version":[{"id":2275,"href":"https:\/\/neopulse.io\/de\/wp-json\/wp\/v2\/pages\/875\/revisions\/2275"}],"wp:attachment":[{"href":"https:\/\/neopulse.io\/de\/wp-json\/wp\/v2\/media?parent=875"}],"curies":[{"name":"wp","href":"https:\/\/api.w.org\/{rel}","templated":true}]}}